{"id":5071,"date":"2017-02-22T14:17:00","date_gmt":"2017-02-22T14:17:00","guid":{"rendered":"http:\/\/dannci.wpmasters.org\/association\/?page_id=5071"},"modified":"2023-04-02T13:23:30","modified_gmt":"2023-04-02T13:23:30","slug":"implica-te","status":"publish","type":"page","link":"https:\/\/asociatiasfantulioanbotezatorul.ro\/?page_id=5071","title":{"rendered":"Implic\u0103-te"},"content":{"rendered":"\t\t<div data-elementor-type=\"wp-page\" data-elementor-id=\"5071\" class=\"elementor elementor-5071\">\n\t\t\t\t\t\t\t\t\t<section class=\"elementor-section elementor-top-section elementor-element elementor-element-69cb1970 elementor-section-boxed elementor-section-height-default elementor-section-height-default\" data-id=\"69cb1970\" data-element_type=\"section\">\n\t\t\t\t\t\t<div class=\"elementor-container elementor-column-gap-default\">\n\t\t\t\t\t<div class=\"elementor-column elementor-col-100 elementor-top-column elementor-element elementor-element-519f2d36\" data-id=\"519f2d36\" data-element_type=\"column\">\n\t\t\t<div class=\"elementor-widget-wrap elementor-element-populated\">\n\t\t\t\t\t\t\t\t<div class=\"elementor-element elementor-element-688cc5ff elementor-widget elementor-widget-text-editor\" data-id=\"688cc5ff\" data-element_type=\"widget\" data-widget_type=\"text-editor.default\">\n\t\t\t\t<div class=\"elementor-widget-container\">\n\t\t\t<style>\/*! elementor - v3.12.1 - 02-04-2023 *\/\n.elementor-widget-text-editor.elementor-drop-cap-view-stacked .elementor-drop-cap{background-color:#69727d;color:#fff}.elementor-widget-text-editor.elementor-drop-cap-view-framed .elementor-drop-cap{color:#69727d;border:3px solid;background-color:transparent}.elementor-widget-text-editor:not(.elementor-drop-cap-view-default) .elementor-drop-cap{margin-top:8px}.elementor-widget-text-editor:not(.elementor-drop-cap-view-default) .elementor-drop-cap-letter{width:1em;height:1em}.elementor-widget-text-editor .elementor-drop-cap{float:left;text-align:center;line-height:1;font-size:50px}.elementor-widget-text-editor .elementor-drop-cap-letter{display:inline-block}<\/style>\t\t\t\t\u00censcriere \u00een comunitatea civic\u0103 &#8211; s\u0103 ne cunoa\u0219tem.<br>\nAsocia\u021bia  a ap\u0103rut din dorin\u021ba de implicare \u00een comunitate, \u00eentr-o ini\u021biativ\u0103 non-partizan\u0103, care s\u0103 aib\u0103 la baz\u0103 valori precum: respectul, integritatea, implicarea, devotamentul, umanitatea, non-partizanatul \u0219i profesionalismul. \n\nMisiunea noastr\u0103 este s\u0103 dezvolt\u0103m cet\u0103\u021benia activ\u0103 \u0219i spiritul civic pentru binele comunit\u0103\u021bii.\n\nDac\u0103 te identifici cu aceste valori \u0219i vrei s\u0103 ai un aport la o astfel de ini\u021biativ\u0103, te invit\u0103m al\u0103turi de noi. Pentru a ne cunoa\u0219te mai bine, \u00ee\u021bi propunem s\u0103 completezi acest scurt formular.\n<h3>\u00censcriere \u00een comunitatea:<\/h3>\n&nbsp;\n\n\n\n&nbsp;\t\t\t\t\t\t<\/div>\n\t\t\t\t<\/div>\n\t\t\t\t<div class=\"elementor-element elementor-element-5cf17eb elementor-widget elementor-widget-wpforms\" data-id=\"5cf17eb\" data-element_type=\"widget\" data-widget_type=\"wpforms.default\">\n\t\t\t\t<div class=\"elementor-widget-container\">\n\t\t\t<div class=\"wpforms-container wpforms-container-full\" id=\"wpforms-5393\"><form id=\"wpforms-form-5393\" class=\"wpforms-validate wpforms-form wpforms-ajax-form\" data-formid=\"5393\" method=\"post\" enctype=\"multipart\/form-data\" action=\"\/index.php?rest_route=%2Fwp%2Fv2%2Fpages%2F5071\" data-token=\"e4be02ef4a6374a0778cb076f2f2222e\"><noscript class=\"wpforms-error-noscript\">Please enable JavaScript in your browser to complete this form.<\/noscript><div class=\"wpforms-field-container\"><div id=\"wpforms-5393-field_1-container\" class=\"wpforms-field wpforms-field-name\" data-field-id=\"1\"><label class=\"wpforms-field-label\" for=\"wpforms-5393-field_1\">Nume \u0219i prenume <span class=\"wpforms-required-label\">*<\/span><\/label><input type=\"text\" id=\"wpforms-5393-field_1\" class=\"wpforms-field-medium wpforms-field-required\" name=\"wpforms[fields][1]\" required><\/div><div id=\"wpforms-5393-field_2-container\" class=\"wpforms-field wpforms-field-number\" data-field-id=\"2\"><label class=\"wpforms-field-label\" for=\"wpforms-5393-field_2\">Telefon <span class=\"wpforms-required-label\">*<\/span><\/label><input type=\"number\" pattern=\"\\d*\" id=\"wpforms-5393-field_2\" class=\"wpforms-field-medium wpforms-field-required\" name=\"wpforms[fields][2]\" required><\/div><div id=\"wpforms-5393-field_3-container\" class=\"wpforms-field wpforms-field-email\" data-field-id=\"3\"><label class=\"wpforms-field-label\" for=\"wpforms-5393-field_3\">Email <span class=\"wpforms-required-label\">*<\/span><\/label><input type=\"email\" id=\"wpforms-5393-field_3\" class=\"wpforms-field-medium wpforms-field-required\" name=\"wpforms[fields][3]\" spellcheck=\"false\" required><\/div><div id=\"wpforms-5393-field_5-container\" class=\"wpforms-field wpforms-field-textarea\" data-field-id=\"5\"><label class=\"wpforms-field-label\" for=\"wpforms-5393-field_5\">\u00cemp\u0103rt\u0103\u0219e\u0219te c\u00e2teva cuvinte despre tine (cu ce te ocupi acum, studii, loc de munc\u0103, experien\u021be de voluntariat anterioare, domenii de interes) <span class=\"wpforms-required-label\">*<\/span><\/label><textarea id=\"wpforms-5393-field_5\" class=\"wpforms-field-medium wpforms-field-required\" name=\"wpforms[fields][5]\" required><\/textarea><\/div><div id=\"wpforms-5393-field_6-container\" class=\"wpforms-field wpforms-field-textarea\" data-field-id=\"6\"><label class=\"wpforms-field-label\" for=\"wpforms-5393-field_6\">De ce vrei s\u0103 te al\u0103turi comunit\u0103\u021bii ? Ce te-a motivat s\u0103 te al\u0103turi comunit\u0103\u021bii? <span class=\"wpforms-required-label\">*<\/span><\/label><textarea id=\"wpforms-5393-field_6\" class=\"wpforms-field-medium wpforms-field-required\" name=\"wpforms[fields][6]\" required><\/textarea><\/div><div id=\"wpforms-5393-field_7-container\" class=\"wpforms-field wpforms-field-textarea\" data-field-id=\"7\"><label class=\"wpforms-field-label\" for=\"wpforms-5393-field_7\">Detaliaz\u0103 ni\u0219te probleme din Berbesti \u00een rezolvarea c\u0103rora ai vrea s\u0103 te implici \/ ni\u0219te subiecte de care e\u0219ti pasionat (maxim 3) <span class=\"wpforms-required-label\">*<\/span><\/label><textarea id=\"wpforms-5393-field_7\" class=\"wpforms-field-medium wpforms-field-required\" name=\"wpforms[fields][7]\" required><\/textarea><\/div><div id=\"wpforms-5393-field_8-container\" class=\"wpforms-field wpforms-field-textarea\" data-field-id=\"8\"><label class=\"wpforms-field-label\" for=\"wpforms-5393-field_8\">Alte observa\u021bii \/ idei \/ propuneri <span class=\"wpforms-required-label\">*<\/span><\/label><textarea id=\"wpforms-5393-field_8\" class=\"wpforms-field-medium wpforms-field-required\" name=\"wpforms[fields][8]\" required><\/textarea><\/div><\/div><!-- .wpforms-field-container --><div class=\"wpforms-submit-container\" ><input type=\"hidden\" name=\"wpforms[id]\" value=\"5393\"><input type=\"hidden\" name=\"wpforms[author]\" value=\"1\"><button type=\"submit\" name=\"wpforms[submit]\" id=\"wpforms-submit-5393\" class=\"wpforms-submit\" data-alt-text=\"Se trimite..\" data-submit-text=\"Trimite\" aria-live=\"assertive\" value=\"wpforms-submit\">Trimite<\/button><img loading=\"lazy\" decoding=\"async\" src=\"https:\/\/asociatiasfantulioanbotezatorul.ro\/wp-content\/plugins\/wpforms-lite\/assets\/images\/submit-spin.svg\" class=\"wpforms-submit-spinner\" style=\"display: none;\" width=\"26\" height=\"26\" alt=\"Loading\"><\/div><\/form><\/div>  <!-- .wpforms-container -->\t\t<\/div>\n\t\t\t\t<\/div>\n\t\t\t\t\t<\/div>\n\t\t<\/div>\n\t\t\t\t\t\t\t<\/div>\n\t\t<\/section>\n\t\t\t\t<section class=\"elementor-section elementor-top-section elementor-element elementor-element-ea26c1c elementor-section-boxed elementor-section-height-default elementor-section-height-default\" data-id=\"ea26c1c\" data-element_type=\"section\">\n\t\t\t\t\t\t<div class=\"elementor-container elementor-column-gap-default\">\n\t\t\t\t\t<div class=\"elementor-column elementor-col-50 elementor-top-column elementor-element elementor-element-ca891c9\" data-id=\"ca891c9\" data-element_type=\"column\">\n\t\t\t<div class=\"elementor-widget-wrap elementor-element-populated\">\n\t\t\t\t\t\t\t\t<div class=\"elementor-element elementor-element-aa47386 elementor-widget elementor-widget-button\" data-id=\"aa47386\" data-element_type=\"widget\" data-widget_type=\"button.default\">\n\t\t\t\t<div class=\"elementor-widget-container\">\n\t\t\t\t\t<div class=\"elementor-button-wrapper\">\n\t\t\t<a href=\"#\" class=\"elementor-button-link elementor-button elementor-size-sm\" role=\"button\">\n\t\t\t\t\t\t<span class=\"elementor-button-content-wrapper\">\n\t\t\t\t\t\t<span class=\"elementor-button-text\">Invita\u021bie aderare la Consiliul Civic Consultativ<\/span>\n\t\t<\/span>\n\t\t\t\t\t<\/a>\n\t\t<\/div>\n\t\t\t\t<\/div>\n\t\t\t\t<\/div>\n\t\t\t\t\t<\/div>\n\t\t<\/div>\n\t\t\t\t<div class=\"elementor-column elementor-col-50 elementor-top-column elementor-element elementor-element-6db1af4\" data-id=\"6db1af4\" data-element_type=\"column\">\n\t\t\t<div class=\"elementor-widget-wrap elementor-element-populated\">\n\t\t\t\t\t\t\t\t<div class=\"elementor-element elementor-element-4f2487d elementor-widget elementor-widget-button\" data-id=\"4f2487d\" data-element_type=\"widget\" data-widget_type=\"button.default\">\n\t\t\t\t<div class=\"elementor-widget-container\">\n\t\t\t\t\t<div class=\"elementor-button-wrapper\">\n\t\t\t<a href=\"#\" class=\"elementor-button-link elementor-button elementor-size-sm\" role=\"button\">\n\t\t\t\t\t\t<span class=\"elementor-button-content-wrapper\">\n\t\t\t\t\t\t<span class=\"elementor-button-text\">Formular de adeziune la Consiliul Civic Consultativ <\/span>\n\t\t<\/span>\n\t\t\t\t\t<\/a>\n\t\t<\/div>\n\t\t\t\t<\/div>\n\t\t\t\t<\/div>\n\t\t\t\t\t<\/div>\n\t\t<\/div>\n\t\t\t\t\t\t\t<\/div>\n\t\t<\/section>\n\t\t\t\t\t\t\t<\/div>\n\t\t","protected":false},"excerpt":{"rendered":"<p class=\"teaser\">\u00censcriere \u00een comunitatea civic\u0103 &#8211; s\u0103 ne cunoa\u0219tem. Asocia\u021bia a ap\u0103rut din dorin\u021ba de implicare \u00een comunitate, \u00eentr-o ini\u021biativ\u0103 non-partizan\u0103, care s\u0103 aib\u0103 la baz\u0103 valori precum: respectul, integritatea, implicarea, devotamentul, umanitatea, non-partizanatul \u0219i profesionalismul. Misiunea noastr\u0103 este s\u0103 dezvolt\u0103m cet\u0103\u021benia activ\u0103 \u0219i spiritul civic pentru binele comunit\u0103\u021bii. Dac\u0103 te identifici cu aceste valori \u0219i &hellip;<\/p>\n","protected":false},"author":1,"featured_media":5048,"parent":0,"menu_order":0,"comment_status":"closed","ping_status":"closed","template":"","meta":{"_mi_skip_tracking":false,"footnotes":""},"class_list":["post-5071","page","type-page","status-publish","has-post-thumbnail","hentry"],"aioseo_notices":[],"_links":{"self":[{"href":"https:\/\/asociatiasfantulioanbotezatorul.ro\/index.php?rest_route=\/wp\/v2\/pages\/5071","targetHints":{"allow":["GET"]}}],"collection":[{"href":"https:\/\/asociatiasfantulioanbotezatorul.ro\/index.php?rest_route=\/wp\/v2\/pages"}],"about":[{"href":"https:\/\/asociatiasfantulioanbotezatorul.ro\/index.php?rest_route=\/wp\/v2\/types\/page"}],"author":[{"embeddable":true,"href":"https:\/\/asociatiasfantulioanbotezatorul.ro\/index.php?rest_route=\/wp\/v2\/users\/1"}],"replies":[{"embeddable":true,"href":"https:\/\/asociatiasfantulioanbotezatorul.ro\/index.php?rest_route=%2Fwp%2Fv2%2Fcomments&post=5071"}],"version-history":[{"count":10,"href":"https:\/\/asociatiasfantulioanbotezatorul.ro\/index.php?rest_route=\/wp\/v2\/pages\/5071\/revisions"}],"predecessor-version":[{"id":5400,"href":"https:\/\/asociatiasfantulioanbotezatorul.ro\/index.php?rest_route=\/wp\/v2\/pages\/5071\/revisions\/5400"}],"wp:featuredmedia":[{"embeddable":true,"href":"https:\/\/asociatiasfantulioanbotezatorul.ro\/index.php?rest_route=\/wp\/v2\/media\/5048"}],"wp:attachment":[{"href":"https:\/\/asociatiasfantulioanbotezatorul.ro\/index.php?rest_route=%2Fwp%2Fv2%2Fmedia&parent=5071"}],"curies":[{"name":"wp","href":"https:\/\/api.w.org\/{rel}","templated":true}]}}