{"id":4638,"date":"2016-02-03T10:55:53","date_gmt":"2016-02-03T10:55:53","guid":{"rendered":"http:\/\/capethemes.com\/demo\/zmm\/land\/?page_id=4638"},"modified":"2023-04-04T11:51:44","modified_gmt":"2023-04-04T11:51:44","slug":"contact-us","status":"publish","type":"page","link":"https:\/\/asociatiasfantulioanbotezatorul.ro\/?page_id=4638","title":{"rendered":"Contact"},"content":{"rendered":"\t\t<div data-elementor-type=\"wp-page\" data-elementor-id=\"4638\" class=\"elementor elementor-4638\">\n\t\t\t\t\t\t\t\t\t<section class=\"elementor-section elementor-top-section elementor-element elementor-element-14699c9d elementor-section-boxed elementor-section-height-default elementor-section-height-default\" data-id=\"14699c9d\" data-element_type=\"section\">\n\t\t\t\t\t\t<div class=\"elementor-container elementor-column-gap-default\">\n\t\t\t\t\t<div class=\"elementor-column elementor-col-100 elementor-top-column elementor-element elementor-element-5722beb1\" data-id=\"5722beb1\" data-element_type=\"column\">\n\t\t\t<div class=\"elementor-widget-wrap elementor-element-populated\">\n\t\t\t\t\t\t\t\t<div class=\"elementor-element elementor-element-58c02d4 elementor-widget elementor-widget-wpforms\" data-id=\"58c02d4\" data-element_type=\"widget\" data-widget_type=\"wpforms.default\">\n\t\t\t\t<div class=\"elementor-widget-container\">\n\t\t\t<div class=\"wpforms-container wpforms-container-full\" id=\"wpforms-5355\"><form id=\"wpforms-form-5355\" class=\"wpforms-validate wpforms-form wpforms-ajax-form\" data-formid=\"5355\" method=\"post\" enctype=\"multipart\/form-data\" action=\"\/index.php?rest_route=%2Fwp%2Fv2%2Fpages%2F4638\" data-token=\"5a6692199ad6d13d5daa3b6fd15a28c0\"><noscript class=\"wpforms-error-noscript\">Please enable JavaScript in your browser to complete this form.<\/noscript><div class=\"wpforms-field-container\"><div id=\"wpforms-5355-field_0-container\" class=\"wpforms-field wpforms-field-name\" data-field-id=\"0\"><label class=\"wpforms-field-label\" for=\"wpforms-5355-field_0\">NUME <span class=\"wpforms-required-label\">*<\/span><\/label><input type=\"text\" id=\"wpforms-5355-field_0\" class=\"wpforms-field-medium wpforms-field-required\" name=\"wpforms[fields][0]\" required><\/div><div id=\"wpforms-5355-field_1-container\" class=\"wpforms-field wpforms-field-email\" data-field-id=\"1\"><label class=\"wpforms-field-label\" for=\"wpforms-5355-field_1\">Email <span class=\"wpforms-required-label\">*<\/span><\/label><input type=\"email\" id=\"wpforms-5355-field_1\" class=\"wpforms-field-medium wpforms-field-required\" name=\"wpforms[fields][1]\" spellcheck=\"false\" required><\/div><div id=\"wpforms-5355-field_2-container\" class=\"wpforms-field wpforms-field-textarea\" data-field-id=\"2\"><label class=\"wpforms-field-label\" for=\"wpforms-5355-field_2\">Mesaj<\/label><textarea id=\"wpforms-5355-field_2\" class=\"wpforms-field-medium\" name=\"wpforms[fields][2]\" ><\/textarea><\/div><\/div><!-- .wpforms-field-container --><div class=\"wpforms-submit-container\" ><input type=\"hidden\" name=\"wpforms[id]\" value=\"5355\"><input type=\"hidden\" name=\"wpforms[author]\" value=\"1\"><button type=\"submit\" name=\"wpforms[submit]\" id=\"wpforms-submit-5355\" class=\"wpforms-submit\" data-alt-text=\"Se trimite...\" data-submit-text=\"Trimte\" aria-live=\"assertive\" value=\"wpforms-submit\">Trimte<\/button><img loading=\"lazy\" decoding=\"async\" src=\"https:\/\/asociatiasfantulioanbotezatorul.ro\/wp-content\/plugins\/wpforms-lite\/assets\/images\/submit-spin.svg\" class=\"wpforms-submit-spinner\" style=\"display: none;\" width=\"26\" height=\"26\" alt=\"Loading\"><\/div><\/form><\/div>  <!-- .wpforms-container -->\t\t<\/div>\n\t\t\t\t<\/div>\n\t\t\t\t<div class=\"elementor-element elementor-element-2c9d62b1 elementor-widget elementor-widget-text-editor\" data-id=\"2c9d62b1\" data-element_type=\"widget\" data-widget_type=\"text-editor.default\">\n\t\t\t\t<div class=\"elementor-widget-container\">\n\t\t\t<style>\/*! elementor - v3.12.1 - 02-04-2023 *\/\n.elementor-widget-text-editor.elementor-drop-cap-view-stacked .elementor-drop-cap{background-color:#69727d;color:#fff}.elementor-widget-text-editor.elementor-drop-cap-view-framed .elementor-drop-cap{color:#69727d;border:3px solid;background-color:transparent}.elementor-widget-text-editor:not(.elementor-drop-cap-view-default) .elementor-drop-cap{margin-top:8px}.elementor-widget-text-editor:not(.elementor-drop-cap-view-default) .elementor-drop-cap-letter{width:1em;height:1em}.elementor-widget-text-editor .elementor-drop-cap{float:left;text-align:center;line-height:1;font-size:50px}.elementor-widget-text-editor .elementor-drop-cap-letter{display:inline-block}<\/style>\t\t\t\tScrie-ne oric\u00e2nd dac\u0103 ai o curiozitate, dac\u0103 te putem ajuta cu ceva sau dac\u0103 \u00ee\u021bi dore\u0219ti s\u0103 te implici \u0219i te identifici cu misiunea noastr\u0103.\n<div class=\"su-row\"><div class=\"su-column su-column-size-2-3\"><div class=\"su-column-inner su-u-clearfix su-u-trim\">\n\nNe g\u0103se\u0219ti:\npe e-mail:contact@asociatiasfantul\nioanbotezatorul.com\n<br>\nsau la telefon: 0742 975 006\n\n<br>\n<strong>Asocia\u021bia Sf\u00e2ntul Ioan Botez\u0103torul\n<\/strong>\n<br>\nTirgu Gingulesti,nr. 303, Berbesti\n\n<\/div><\/div> <div class=\"su-column su-column-size-1-3\"><div class=\"su-column-inner su-u-clearfix su-u-trim\">\n\n<div class=\"su-gmap su-u-responsive-media-yes\"><iframe loading=\"lazy\" width=\"260\" height=\"360\" src=\"\/\/maps.google.com\/maps?q=Berbesti&amp;output=embed\" title=\"\"><\/iframe><\/div>\n\n<\/div><\/div><\/div>\t\t\t\t\t\t<\/div>\n\t\t\t\t<\/div>\n\t\t\t\t\t<\/div>\n\t\t<\/div>\n\t\t\t\t\t\t\t<\/div>\n\t\t<\/section>\n\t\t\t\t<section class=\"elementor-section elementor-top-section elementor-element elementor-element-7ecb8e3 elementor-section-boxed elementor-section-height-default elementor-section-height-default\" data-id=\"7ecb8e3\" data-element_type=\"section\">\n\t\t\t\t\t\t<div class=\"elementor-container elementor-column-gap-default\">\n\t\t\t\t\t<div class=\"elementor-column elementor-col-100 elementor-top-column elementor-element elementor-element-ef6ea00\" data-id=\"ef6ea00\" data-element_type=\"column\">\n\t\t\t<div class=\"elementor-widget-wrap\">\n\t\t\t\t\t\t\t\t\t<\/div>\n\t\t<\/div>\n\t\t\t\t\t\t\t<\/div>\n\t\t<\/section>\n\t\t\t\t\t\t\t<\/div>\n\t\t","protected":false},"excerpt":{"rendered":"<p class=\"teaser\">Scrie-ne oric\u00e2nd dac\u0103 ai o curiozitate, dac\u0103 te putem ajuta cu ceva sau dac\u0103 \u00ee\u021bi dore\u0219ti s\u0103 te implici \u0219i te identifici cu misiunea noastr\u0103.<\/p>\n","protected":false},"author":1,"featured_media":5048,"parent":0,"menu_order":0,"comment_status":"closed","ping_status":"closed","template":"","meta":{"_mi_skip_tracking":false,"footnotes":""},"class_list":["post-4638","page","type-page","status-publish","has-post-thumbnail","hentry"],"aioseo_notices":[],"_links":{"self":[{"href":"https:\/\/asociatiasfantulioanbotezatorul.ro\/index.php?rest_route=\/wp\/v2\/pages\/4638","targetHints":{"allow":["GET"]}}],"collection":[{"href":"https:\/\/asociatiasfantulioanbotezatorul.ro\/index.php?rest_route=\/wp\/v2\/pages"}],"about":[{"href":"https:\/\/asociatiasfantulioanbotezatorul.ro\/index.php?rest_route=\/wp\/v2\/types\/page"}],"author":[{"embeddable":true,"href":"https:\/\/asociatiasfantulioanbotezatorul.ro\/index.php?rest_route=\/wp\/v2\/users\/1"}],"replies":[{"embeddable":true,"href":"https:\/\/asociatiasfantulioanbotezatorul.ro\/index.php?rest_route=%2Fwp%2Fv2%2Fcomments&post=4638"}],"version-history":[{"count":41,"href":"https:\/\/asociatiasfantulioanbotezatorul.ro\/index.php?rest_route=\/wp\/v2\/pages\/4638\/revisions"}],"predecessor-version":[{"id":5451,"href":"https:\/\/asociatiasfantulioanbotezatorul.ro\/index.php?rest_route=\/wp\/v2\/pages\/4638\/revisions\/5451"}],"wp:featuredmedia":[{"embeddable":true,"href":"https:\/\/asociatiasfantulioanbotezatorul.ro\/index.php?rest_route=\/wp\/v2\/media\/5048"}],"wp:attachment":[{"href":"https:\/\/asociatiasfantulioanbotezatorul.ro\/index.php?rest_route=%2Fwp%2Fv2%2Fmedia&parent=4638"}],"curies":[{"name":"wp","href":"https:\/\/api.w.org\/{rel}","templated":true}]}}